{"id":183,"date":"2010-10-11T09:22:39","date_gmt":"2010-10-11T09:22:39","guid":{"rendered":"http:\/\/projekt.cms2.sclh.de"},"modified":"2016-04-19T14:18:23","modified_gmt":"2016-04-19T14:18:23","slug":"der-vereinszweck","status":"publish","type":"page","link":"https:\/\/sclh.de\/?page_id=183","title":{"rendered":"der Vereinszweck"},"content":{"rendered":"<p><a href=\"http:\/\/projekt.cms2.sclh.de\/wp-content\/uploads\/2010\/11\/logo.png.gif\"><img loading=\"lazy\" decoding=\"async\" class=\"aligncenter size-full wp-image-578\" title=\"logo.png\" src=\"http:\/\/projekt.cms2.sclh.de\/wp-content\/uploads\/2010\/11\/logo.png.gif\" alt=\"\" width=\"83\" height=\"55\" \/><\/a><\/p>\n<p>&nbsp;<\/p>\n<h3 style=\"text-align: left;\"><strong>Der Zweck unseres Vereins ist es, <\/strong><\/h3>\n<p style=\"text-align: left;\">ausschlie\u00dflich und in unmittelbarer Gemeinn\u00fctzigkeit<\/p>\n<p style=\"text-align: left;\">\n<p style=\"text-align: left;\">* die F\u00f6rderung des Segelsports und\u00a0 der segelsportlichen Jugendarbeit<\/p>\n<p style=\"text-align: left;\">* die \u00d6ffentlichkeit, Vereinsmitglieder und die Jugend\u00a0 f\u00fcr den Segelsport zu begeistern<\/p>\n<p style=\"text-align: left;\">* f\u00fcr die entsprechende Aus- und Weiterbildung in dem Segelsportbereich zu sorgen<\/p>\n<p style=\"text-align: left;\">* Bewahrung von seglerischen Traditionen<\/p>\n<p style=\"text-align: left;\">\n<p style=\"text-align: left;\">\n<h4 style=\"text-align: left;\">und auf der Grundlage des Amateurgedankens des Segelsportes,<\/h4>\n<p style=\"text-align: left;\">\n<p style=\"text-align: left;\">* Vorbereitung und Durchf\u00fchrung von Wettkampfsegeln auf unserem Revier<\/p>\n<p style=\"text-align: left;\">* das Fahrtensegeln zu f\u00f6rdern und zu pflegen<\/p>\n<p style=\"text-align: left;\">* die Interessen der Mitglieder in Angelegenheiten des Segelsports gegen\u00fcber Verb\u00e4nden und Beh\u00f6rden zu vertreten<\/p>\n<p style=\"text-align: left;\">* und f\u00fcr die Einhaltung und \u00dcberwachung der vom Deutschen Segler-Verband ver\u00f6ffentlichen Regeln durch die Mitglieder zu sorgen<\/p>\n<p style=\"text-align: left;\">\n<p style=\"text-align: left;\">Stand 01\/2016<\/p>\n<p style=\"text-align: left;\">\n<p>&nbsp;<\/p>\n<p>&nbsp;<\/p>\n","protected":false},"excerpt":{"rendered":"<p>&nbsp; Der Zweck unseres Vereins ist es, ausschlie\u00dflich und in unmittelbarer Gemeinn\u00fctzigkeit * die F\u00f6rderung des Segelsports und\u00a0 der segelsportlichen&hellip;<\/p>\n","protected":false},"author":1,"featured_media":578,"parent":169,"menu_order":1,"comment_status":"closed","ping_status":"closed","template":"","meta":{"footnotes":""},"class_list":["post-183","page","type-page","status-publish","has-post-thumbnail","hentry"],"_links":{"self":[{"href":"https:\/\/sclh.de\/index.php?rest_route=\/wp\/v2\/pages\/183","targetHints":{"allow":["GET"]}}],"collection":[{"href":"https:\/\/sclh.de\/index.php?rest_route=\/wp\/v2\/pages"}],"about":[{"href":"https:\/\/sclh.de\/index.php?rest_route=\/wp\/v2\/types\/page"}],"author":[{"embeddable":true,"href":"https:\/\/sclh.de\/index.php?rest_route=\/wp\/v2\/users\/1"}],"replies":[{"embeddable":true,"href":"https:\/\/sclh.de\/index.php?rest_route=%2Fwp%2Fv2%2Fcomments&post=183"}],"version-history":[{"count":17,"href":"https:\/\/sclh.de\/index.php?rest_route=\/wp\/v2\/pages\/183\/revisions"}],"predecessor-version":[{"id":3794,"href":"https:\/\/sclh.de\/index.php?rest_route=\/wp\/v2\/pages\/183\/revisions\/3794"}],"up":[{"embeddable":true,"href":"https:\/\/sclh.de\/index.php?rest_route=\/wp\/v2\/pages\/169"}],"wp:featuredmedia":[{"embeddable":true,"href":"https:\/\/sclh.de\/index.php?rest_route=\/wp\/v2\/media\/578"}],"wp:attachment":[{"href":"https:\/\/sclh.de\/index.php?rest_route=%2Fwp%2Fv2%2Fmedia&parent=183"}],"curies":[{"name":"wp","href":"https:\/\/api.w.org\/{rel}","templated":true}]}}