{"id":221,"date":"2010-10-11T11:32:29","date_gmt":"2010-10-11T11:32:29","guid":{"rendered":"http:\/\/projekt.cms2.sclh.de"},"modified":"2019-03-04T12:29:37","modified_gmt":"2019-03-04T12:29:37","slug":"regatta","status":"publish","type":"page","link":"https:\/\/sclh.de\/?page_id=221","title":{"rendered":"Regatten"},"content":{"rendered":"<p><a href=\"..\/wp-content\/uploads\/2010\/10\/Unbenannt2.bmp\"><img loading=\"lazy\" decoding=\"async\" class=\"aligncenter size-full wp-image-475\" title=\"Unbenannt\" src=\"..\/wp-content\/uploads\/2010\/10\/Unbenannt2.bmp\" alt=\"\" width=\"524\" height=\"704\" \/><\/a><a href=\"http:\/\/projekt.cms2.sclh.de\/wp-content\/uploads\/2010\/10\/Unbenannt.bmp\"><br \/>\n<\/a><\/p>\n<h2><span style=\"color: #000000;\">Hier ein Paar interressante Sachen f\u00fcr euch:<\/span><\/h2>\n<p><span style=\"color: #000000;\"><a name=\"oben\">Regattasegeln<\/a><\/span><\/p>\n<p><span style=\"color: #000000;\">Kennt ihr das Problem vorm Start:<\/span><\/p>\n<p><span style=\"color: #000000;\">Man ist mit dem Kopf schon im Rennen m\u00f6chte vorher allerdings noch  die Startlinie abpeilen um einen m\u00f6glichst guten Start zu haben.<br \/>\nOder beim Anfahren ans Gate (die beiden Leef\u00e4sser) m\u00f6chte man gern  wissen, welches Fass denn bevorteilt ist. Auch ist es immer gut zu  wissen was beim Zieldurchlauf n\u00e4her ist: die Tonne oder das Schiff.<\/span><\/p>\n<p><span style=\"color: #000000;\">Optimal zur L\u00f6sung dieses Problems sind Taktikscheiben wie z.B. die Taktikscheiben von Musto oder von Elvstr\u00f6m:<\/span><\/p>\n<p><span style=\"color: #000000;\"><a href=\"http:\/\/projekt.cms2.sclh.de\/wp-content\/uploads\/2010\/10\/taktikscheibemusto.jpg\"><img loading=\"lazy\" decoding=\"async\" class=\"aligncenter size-full wp-image-269\" title=\"taktikscheibemusto\" src=\"http:\/\/projekt.cms2.sclh.de\/wp-content\/uploads\/2010\/10\/taktikscheibemusto.jpg\" alt=\"\" width=\"375\" height=\"300\" srcset=\"https:\/\/sclh.de\/wp-content\/uploads\/2010\/10\/taktikscheibemusto.jpg 375w, https:\/\/sclh.de\/wp-content\/uploads\/2010\/10\/taktikscheibemusto-300x240.jpg 300w\" sizes=\"auto, (max-width: 375px) 100vw, 375px\" \/><\/a><\/span><span style=\"color: #000000;\"><a href=\"http:\/\/projekt.cms2.sclh.de\/wp-content\/uploads\/2010\/10\/taktikscheibe.gif\"><img loading=\"lazy\" decoding=\"async\" class=\"aligncenter size-full wp-image-270\" title=\"taktikscheibe\" src=\"http:\/\/projekt.cms2.sclh.de\/wp-content\/uploads\/2010\/10\/taktikscheibe.gif\" alt=\"\" width=\"234\" height=\"292\" \/><\/a><\/span><span style=\"color: #000000;\"><a href=\"http:\/\/projekt.cms2.sclh.de\/wp-content\/uploads\/2010\/10\/taktikscheibe-selfmade.jpg\"><img loading=\"lazy\" decoding=\"async\" class=\"aligncenter size-full wp-image-271\" title=\"taktikscheibe selfmade\" src=\"http:\/\/projekt.cms2.sclh.de\/wp-content\/uploads\/2010\/10\/taktikscheibe-selfmade.jpg\" alt=\"\" width=\"400\" height=\"505\" srcset=\"https:\/\/sclh.de\/wp-content\/uploads\/2010\/10\/taktikscheibe-selfmade.jpg 400w, https:\/\/sclh.de\/wp-content\/uploads\/2010\/10\/taktikscheibe-selfmade-237x300.jpg 237w\" sizes=\"auto, (max-width: 400px) 100vw, 400px\" \/><\/a><\/span><\/p>\n<p><span style=\"color: #000000;\">Diese Taktikscheiben sind \u00fcberall im Internet und in Seglershops zu kaufen.<br \/>\nF\u00fcr die jenigen unter euch, die es allerdings nicht einsehen 23,00\u20ac\u00a0 f\u00fcr  solch eine Scheibe zu bezahlen, hab ich mir die M\u00fche gemacht und selbst  eine Taktikscheibe designt:<\/span><\/p>\n<p><span style=\"color: #000000;\">Hier findet ihr die Taktikscheibe als Druckversion. Ihr m\u00fcsst nur die  drei Seiten am besten auf etwas dickerem Papier ausdrucken, und sie  z.B. durch eine Niete in der Mitte zusammensetzen, sodass sich die  beiden Runden Scheiben drehen k\u00f6nnen. Da die Taktikscheibe auf dem  Wasser genutzt werden soll, empfehle ich euch die einzelnen teile  einzulamminieren, sodass sie wasserabweisend sind!<\/span><\/p>\n<h2><span style=\"color: #000000;\">Windumrechnungstabelle<\/span><\/h2>\n<p><span style=\"color: #000000;\">Hier noch etwas f\u00fcr die Einsteiger:<\/span><\/p>\n<p><span style=\"color: #000000;\">Einigen von euch wird diese Situation vielleicht bekannt vorkommen:<\/span><\/p>\n<p><span style=\"color: #000000;\">Ihr startet bei einer gro\u00dferen Regatta und wollt euch  \u00fcber das Wetter erkundigen: &#8222;Gibt es viel Wind, oder\u00a0 wenig Wind?!&#8220;. Ihr  denkt euch:&#8220;Kein Problem! Es findet doch das Weather breathing statt!&#8220;,  allerdings kennt ihr euch nicht mit Knoten, oder m\/s aus und leider  Gottes werdet ihr bei gro\u00dferen Veranstaltungen die Angaben zum Wind nur  in diesen Einheiten vorgelegt bekommen!<br \/>\nWenn ihr l\u00e4ngerfristig an Regatten Teilnehmen wollt, gibt es daher nur eine M\u00f6glichkeit f\u00fcr euch:<\/span><\/p>\n<p><span style=\"color: #000000;\">&#8220;\u00a0Lernt die nachstehende Umrechnungstabelle auswendig!&#8220;<\/span><\/p>\n<table border=\"0\" cellspacing=\"0\" cellpadding=\"0\">\n<tbody>\n<tr>\n<td width=\"546\" valign=\"top\">\n<div><span style=\"color: #000000;\"><strong><span style=\"font-size: large;\">Die Beaufort-Tabelle der Windst\u00e4rken<\/span><\/strong><\/span><\/div>\n<\/td>\n<\/tr>\n<\/tbody>\n<\/table>\n<table border=\"1\" cellspacing=\"0\" cellpadding=\"0\">\n<tbody>\n<tr>\n<td width=\"35\" valign=\"top\">\n<div><span style=\"color: #000000;\"><strong><span style=\"font-size: medium;\"><span style=\"font-size: small;\">Bft.<\/span><\/span><\/strong><\/span><\/div>\n<\/td>\n<td width=\"63\" valign=\"top\">\n<div><span style=\"color: #000000;\"><strong><span style=\"font-size: medium;\"><span style=\"font-size: small;\">Knoten<\/span><\/span><\/strong><\/span><\/div>\n<\/td>\n<td width=\"45\" valign=\"top\">\n<div><span style=\"color: #000000;\"><strong><span style=\"font-size: medium;\"><span style=\"font-size: small;\">km\/h<\/span><\/span><\/strong><\/span><\/div>\n<\/td>\n<td width=\"82\" valign=\"top\">\n<div><span style=\"color: #000000;\"><strong><span style=\"font-size: medium;\"><span style=\"font-size: small;\">Wind-form<\/span><\/span><\/strong><\/span><\/div>\n<\/td>\n<td width=\"151\" valign=\"top\">\n<div><span style=\"color: #000000;\"><strong><span style=\"font-size: medium;\"><span style=\"font-size: small;\">Beschreibung<br \/>\nzu Lande<\/span><\/span><\/strong><\/span><\/div>\n<\/td>\n<td width=\"236\" valign=\"top\">\n<div><span style=\"color: #000000;\"><strong><span style=\"font-size: medium;\"><span style=\"font-size: small;\">Seegang<\/span><\/span><\/strong><\/span><\/div>\n<\/td>\n<\/tr>\n<tr>\n<td width=\"35\" valign=\"top\">\n<div><span style=\"color: #000000;\">0<\/span><\/div>\n<\/td>\n<td width=\"63\" valign=\"top\">\n<div><span style=\"color: #000000;\">0-1<\/span><\/div>\n<\/td>\n<td width=\"45\" valign=\"top\">\n<div><span style=\"color: #000000;\">&lt;1,6<\/span><\/div>\n<\/td>\n<td width=\"82\" valign=\"top\">\n<div><span style=\"color: #000000;\">Wind-<br \/>\nstille<\/span><\/div>\n<\/td>\n<td width=\"151\" valign=\"top\">\n<div><span style=\"color: #000000;\">Keine Luftbewegung, Rauch steigt senkrecht.<\/span><\/div>\n<\/td>\n<td width=\"236\" valign=\"top\">\n<div><span style=\"color: #000000;\">Spiegelglatte See<\/span><\/div>\n<\/td>\n<\/tr>\n<tr>\n<td width=\"35\" valign=\"top\">\n<div><span style=\"color: #000000;\">1<\/span><\/div>\n<\/td>\n<td width=\"63\" valign=\"top\">\n<div><span style=\"color: #000000;\">1-3<\/span><\/div>\n<\/td>\n<td width=\"45\" valign=\"top\">\n<div><span style=\"color: #000000;\">3,2<\/span><\/div>\n<\/td>\n<td width=\"82\" valign=\"top\">\n<div><span style=\"color: #000000;\">L\u00fcftchen<\/span><\/div>\n<\/td>\n<td width=\"151\" valign=\"top\">\n<div><span style=\"color: #000000;\">Rauch treibt<\/span><\/div>\n<\/td>\n<td width=\"236\" valign=\"top\">\n<div><span style=\"color: #000000;\">Kleine schuppenf\u00f6rmig aussehende Kr\u00e4uselwellen ohne Schaumk\u00e4mme.<\/span><\/div>\n<\/td>\n<\/tr>\n<tr>\n<td width=\"35\" valign=\"top\">\n<div><span style=\"color: #000000;\">2<\/span><\/div>\n<\/td>\n<td width=\"63\" valign=\"top\">\n<div><span style=\"color: #000000;\">4-6<\/span><\/div>\n<\/td>\n<td width=\"45\" valign=\"top\">\n<div><span style=\"color: #000000;\">8<\/span><\/div>\n<\/td>\n<td width=\"82\" valign=\"top\">\n<div><span style=\"color: #000000;\">Leichte Brise<\/span><\/div>\n<\/td>\n<td width=\"151\" valign=\"top\">\n<div><span style=\"color: #000000;\">Bl\u00e4tter rascheln. Wind im Gesicht f\u00fchlbar.<\/span><\/div>\n<\/td>\n<td width=\"236\" valign=\"top\">\n<div><span style=\"color: #000000;\">Kleine Wellen, noch kurz, aber ausgepr\u00e4gter. Die K\u00e4mme sehen glasig aus und brechen sich nicht.<\/span><\/div>\n<\/td>\n<\/tr>\n<tr>\n<td width=\"35\" valign=\"top\">\n<div><span style=\"color: #000000;\">3<\/span><\/div>\n<\/td>\n<td width=\"63\" valign=\"top\">\n<div><span style=\"color: #000000;\">7-10<\/span><\/div>\n<\/td>\n<td width=\"45\" valign=\"top\">\n<div><span style=\"color: #000000;\">16<\/span><\/div>\n<\/td>\n<td width=\"82\" valign=\"top\">\n<div><span style=\"color: #000000;\">Sanfte Brise<\/span><\/div>\n<\/td>\n<td width=\"151\" valign=\"top\">\n<div><span style=\"color: #000000;\">Bl\u00e4tter bewegen sich, leichte Wimpel gestreckt.<\/span><\/div>\n<\/td>\n<td width=\"236\" valign=\"top\">\n<div><span style=\"color: #000000;\">Die K\u00e4mme beginnen sich zu brechen. Schaum \u00fcberwiegend glasig, ganz vereinzelnd k\u00f6nnen wei\u00dfe Schaumk\u00f6pfe auftreten.<\/span><\/div>\n<\/td>\n<\/tr>\n<tr>\n<td width=\"35\" valign=\"top\">\n<div><span style=\"color: #000000;\">4<\/span><\/div>\n<\/td>\n<td width=\"63\" valign=\"top\">\n<div><span style=\"color: #000000;\">11-15<\/span><\/div>\n<\/td>\n<td width=\"45\" valign=\"top\">\n<div><span style=\"color: #000000;\">24<\/span><\/div>\n<\/td>\n<td width=\"82\" valign=\"top\">\n<div><span style=\"color: #000000;\">Mittlere Brise<\/span><\/div>\n<\/td>\n<td width=\"151\" valign=\"top\">\n<div><span style=\"color: #000000;\">Zweige bewegen sich, schwere Wimpel gestreckt.<\/span><\/div>\n<\/td>\n<td width=\"236\" valign=\"top\">\n<div><span style=\"color: #000000;\">Wellen sind noch klein, werden aber l\u00e4nger. Wei\u00dfe Schaumk\u00f6pfe treten schon ziemlich verbreitet auf.<\/span><\/div>\n<\/td>\n<\/tr>\n<tr>\n<td width=\"35\" valign=\"top\">\n<div><span style=\"color: #000000;\">5<\/span><\/div>\n<\/td>\n<td width=\"63\" valign=\"top\">\n<div><span style=\"color: #000000;\">16-21<\/span><\/div>\n<\/td>\n<td width=\"45\" valign=\"top\">\n<div><span style=\"color: #000000;\">34<\/span><\/div>\n<\/td>\n<td width=\"82\" valign=\"top\">\n<div><span style=\"color: #000000;\">Frische Brise<\/span><\/div>\n<\/td>\n<td width=\"151\" valign=\"top\">\n<div><span style=\"color: #000000;\">Kleine B\u00e4ume wanken, gr\u00f6\u00dfere Zweige werden bewegt; Wind im Gesicht schon unangenehm.<\/span><\/div>\n<\/td>\n<td width=\"236\" valign=\"top\">\n<div><span style=\"color: #000000;\">M\u00e4\u00dfige  Wellen die eine ausgepr\u00e4gtere lange Form annehmen. \u00dcberall wei\u00dfe  Schaumk\u00e4mme. Ganz vereinzelnt kann schon Gisch vorkommen.<\/span><\/div>\n<\/td>\n<\/tr>\n<tr>\n<td width=\"35\" valign=\"top\">\n<div><span style=\"color: #000000;\">6<\/span><\/div>\n<\/td>\n<td width=\"63\" valign=\"top\">\n<div><span style=\"color: #000000;\">22-27<\/span><\/div>\n<\/td>\n<td width=\"45\" valign=\"top\">\n<div><span style=\"color: #000000;\">45<\/span><\/div>\n<\/td>\n<td width=\"82\" valign=\"top\">\n<div><span style=\"color: #000000;\">Steife<br \/>\nBrise<\/span><\/div>\n<\/td>\n<td width=\"151\" valign=\"top\">\n<div><span style=\"color: #000000;\">Dicke \u00c4ste bewegen sich, Wind singt in der Takelage.<\/span><\/div>\n<\/td>\n<td width=\"236\" valign=\"top\">\n<div><span style=\"color: #000000;\">Die Bildung gro\u00dfer Wellen beginnt; K\u00e4mme brechen und hinterlassen gr\u00f6\u00dfere wei\u00dfe Schaumfl\u00e4chen; etwas Gischt<\/span><\/div>\n<\/td>\n<\/tr>\n<tr>\n<td width=\"35\" valign=\"top\">\n<div><span style=\"color: #000000;\">7<\/span><\/div>\n<\/td>\n<td width=\"63\" valign=\"top\">\n<div><span style=\"color: #000000;\">28-33<\/span><\/div>\n<\/td>\n<td width=\"45\" valign=\"top\">\n<div><span style=\"color: #000000;\">56<\/span><\/div>\n<\/td>\n<td width=\"82\" valign=\"top\">\n<div><span style=\"color: #000000;\">Starker Wind<\/span><\/div>\n<\/td>\n<td width=\"151\" valign=\"top\">\n<div><span style=\"color: #000000;\">B\u00e4ume schwanken, f\u00fchlbare Hemmung beim Gehen gegen den Wind<\/span><\/div>\n<\/td>\n<td width=\"236\" valign=\"top\">\n<div><span style=\"color: #000000;\">See t\u00fcrmt sich; Der beim Brechen entstehende wei\u00dfe Schaum beginnt sich in Windrichtung zu legen.<\/span><\/div>\n<\/td>\n<\/tr>\n<tr>\n<td width=\"35\" valign=\"top\">\n<div><span style=\"color: #000000;\">8<\/span><\/div>\n<\/td>\n<td width=\"63\" valign=\"top\">\n<div><span style=\"color: #000000;\">34-40<\/span><\/div>\n<\/td>\n<td width=\"45\" valign=\"top\">\n<div><span style=\"color: #000000;\">67<\/span><\/div>\n<\/td>\n<td width=\"82\" valign=\"top\">\n<div><span style=\"color: #000000;\">St\u00fcrmi-<br \/>\nscher Wind<\/span><\/div>\n<\/td>\n<td width=\"151\" valign=\"top\">\n<div><span style=\"color: #000000;\">Gro\u00dfe B\u00e4ume werden bewegt, Zweige brechen; beim Gehen erhebliche Behinderung.<\/span><\/div>\n<\/td>\n<td width=\"236\" valign=\"top\">\n<div><span style=\"color: #000000;\">M\u00e4\u00dfig  hohe Wellenberge mit K\u00e4mmen von betr\u00e4chtlicher L\u00e4nge. Von den Kanten  der K\u00e4mme beginnt Gischt anzuwehen. Der Schaum legt sich in gut  ausgepr\u00e4gten Streifen in die Windrichtung.<\/span><\/div>\n<\/td>\n<\/tr>\n<tr>\n<td width=\"35\" valign=\"top\">\n<div><span style=\"color: #000000;\">9<\/span><\/div>\n<\/td>\n<td width=\"63\" valign=\"top\">\n<div><span style=\"color: #000000;\">41-47<\/span><\/div>\n<\/td>\n<td width=\"45\" valign=\"top\">\n<div><span style=\"color: #000000;\">80<\/span><\/div>\n<\/td>\n<td width=\"82\" valign=\"top\">\n<div><span style=\"color: #000000;\">Sturmwind<\/span><\/div>\n<\/td>\n<td width=\"151\" valign=\"top\">\n<div><span style=\"color: #000000;\">\u00c4ste brechen, leichtere Gegenst\u00e4nde werden aus ihrer Lage gebracht; Sch\u00e4den an D\u00e4chern.<\/span><\/div>\n<\/td>\n<td width=\"236\" valign=\"top\">\n<div><span style=\"color: #000000;\">Hohe  Wellenberge; Dichte Schaumstreifen in Windrichtung;&#8220;Rollen&#8220; der See  beginnt. Der Gischt kann die Sicht schon beeintr\u00e4chtigen.<\/span><\/div>\n<\/td>\n<\/tr>\n<tr>\n<td width=\"35\" valign=\"top\">\n<div><span style=\"color: #000000;\">10<\/span><\/div>\n<\/td>\n<td width=\"63\" valign=\"top\">\n<div><span style=\"color: #000000;\">48-55<\/span><\/div>\n<\/td>\n<td width=\"45\" valign=\"top\">\n<div><span style=\"color: #000000;\">95<\/span><\/div>\n<\/td>\n<td width=\"82\" valign=\"top\">\n<div><span style=\"color: #000000;\">Voller Sturm<\/span><\/div>\n<\/td>\n<td width=\"151\" valign=\"top\">\n<div><span style=\"color: #000000;\">B\u00e4ume werden entwurzelt. H\u00e4user besch\u00e4digt.<\/span><\/div>\n<\/td>\n<td width=\"236\" valign=\"top\">\n<div><span style=\"color: #000000;\">Sehr  hohe Wellenberge mit langen \u00fcberbrechenden K\u00e4mmen. See Wei\u00df durch  Schaum. Rollen der See schwer und sto\u00dfartig. Sicht durch Gischt  beeintr\u00e4chtigt.<\/span><\/div>\n<\/td>\n<\/tr>\n<tr>\n<td width=\"35\" valign=\"top\">\n<div><span style=\"color: #000000;\">11<\/span><\/div>\n<\/td>\n<td width=\"63\" valign=\"top\">\n<div><span style=\"color: #000000;\">56-63<\/span><\/div>\n<\/td>\n<td width=\"45\" valign=\"top\">\n<div><span style=\"color: #000000;\">110<\/span><\/div>\n<\/td>\n<td width=\"82\" valign=\"top\">\n<div><span style=\"color: #000000;\">Orkan<\/span><\/div>\n<\/td>\n<td width=\"151\" valign=\"top\">\n<div><span style=\"color: #000000;\">Heftige B\u00f6en, schwere Sturmsch\u00e4den.<\/span><\/div>\n<\/td>\n<td width=\"236\" valign=\"top\">\n<div><span style=\"color: #000000;\">Au\u00dfergew\u00f6hnlich hohe Wellenberge. Die Kanten der Wellenk\u00e4mme werden \u00fcberall zu Gischt zerblasen.Die Sicht ist herabgesetzt.<\/span><\/div>\n<\/td>\n<\/tr>\n<tr>\n<td width=\"35\" valign=\"top\">\n<div><span style=\"color: #000000;\">12<\/span><\/div>\n<\/td>\n<td width=\"63\" valign=\"top\">\n<div><span style=\"color: #000000;\">&gt;64<\/span><\/div>\n<\/td>\n<td width=\"45\" valign=\"top\">\n<div><span style=\"color: #000000;\">&gt;120<\/span><\/div>\n<\/td>\n<td width=\"82\" valign=\"top\">\n<div><span style=\"color: #000000;\">Wirbel-<br \/>\nsturm<\/span><\/div>\n<\/td>\n<td width=\"151\" valign=\"top\">\n<div><span style=\"color: #000000;\">Verw\u00fcstungen<\/span><\/div>\n<\/td>\n<td width=\"236\" valign=\"top\">\n<div><span style=\"color: #000000;\">Luft mit Schaum und Gischt angef\u00fcllt. See vollst\u00e4ndig wei\u00df. Die Sicht ist sehr stark herabgesetzt; jede Fernsicht h\u00f6rt auf<\/span><\/div>\n<\/td>\n<\/tr>\n<\/tbody>\n<\/table>\n","protected":false},"excerpt":{"rendered":"<p>Hier ein Paar interressante Sachen f\u00fcr euch: Regattasegeln Kennt ihr das Problem vorm Start: Man ist mit dem Kopf schon&hellip;<\/p>\n","protected":false},"author":1,"featured_media":0,"parent":0,"menu_order":5,"comment_status":"closed","ping_status":"closed","template":"","meta":{"footnotes":""},"class_list":["post-221","page","type-page","status-publish","hentry"],"_links":{"self":[{"href":"https:\/\/sclh.de\/index.php?rest_route=\/wp\/v2\/pages\/221","targetHints":{"allow":["GET"]}}],"collection":[{"href":"https:\/\/sclh.de\/index.php?rest_route=\/wp\/v2\/pages"}],"about":[{"href":"https:\/\/sclh.de\/index.php?rest_route=\/wp\/v2\/types\/page"}],"author":[{"embeddable":true,"href":"https:\/\/sclh.de\/index.php?rest_route=\/wp\/v2\/users\/1"}],"replies":[{"embeddable":true,"href":"https:\/\/sclh.de\/index.php?rest_route=%2Fwp%2Fv2%2Fcomments&post=221"}],"version-history":[{"count":12,"href":"https:\/\/sclh.de\/index.php?rest_route=\/wp\/v2\/pages\/221\/revisions"}],"predecessor-version":[{"id":2250,"href":"https:\/\/sclh.de\/index.php?rest_route=\/wp\/v2\/pages\/221\/revisions\/2250"}],"wp:attachment":[{"href":"https:\/\/sclh.de\/index.php?rest_route=%2Fwp%2Fv2%2Fmedia&parent=221"}],"curies":[{"name":"wp","href":"https:\/\/api.w.org\/{rel}","templated":true}]}}