{"id":70115,"date":"2024-08-07T13:10:46","date_gmt":"2024-08-07T13:10:46","guid":{"rendered":"https:\/\/sclh.de\/?page_id=70115"},"modified":"2026-02-10T09:21:57","modified_gmt":"2026-02-10T09:21:57","slug":"varianta-flotte-suedwest","status":"publish","type":"page","link":"https:\/\/sclh.de\/?page_id=70115","title":{"rendered":"Varianta Flotte S\u00fcdWest"},"content":{"rendered":"<p>&nbsp;<\/p>\n<p>Wir freuen uns, euch die bevorstehende Regatta im Jahr 2026 anzuk\u00fcndigen \u2013 ein ganz besonderes Seglerjahr f\u00fcr unsere Klassenvereinigung und den Segel Club Linkenheim im S\u00fcdwesten!<\/p>\n<p>Dieses Jahr steht ganz im Zeichen des Klassen\u00aderhalts und der Motivation unserer engagierten Seglerinnen und Segler.\u00a0 Die Regatta bietet die perfekte Gelegenheit, unsere F\u00e4higkeiten zu zeigen, neue Freunde zu gewinnen und den Zusammenhalt in unserer Gemeinschaft zu st\u00e4rken.<\/p>\n<p>Unser St\u00fctzpunkt ist gut vorbereitet, um euch optimal zu unterst\u00fctzen. Wir setzen alles daran, dass sich alle motivierten Seglerinnen und Segler bei uns wohlf\u00fchlen und ihre Leidenschaft f\u00fcr den Segelsport weiter vertiefen k\u00f6nnen.<\/p>\n<p>Der Segel Club Linkenheim freut sich auf zahlreiche Teilnehmerinnen und Teilnehmer, spannende Wettfahrten und ein unvergessliches Seglerjahr. Lasst uns gemeinsam das Beste aus 2026 machen und den Klassenerhalt sichern!<\/p>\n<p>Wir sehen uns auf dem Wasser!<\/p>\n<p>&nbsp;<\/p>\n<p>Ragatta \u2014 badische Landesmeisterschaft der Variantan 09. und 10. Mai<\/p>\n<p>Regatta \u2014 S\u00fcdcup 16. und 17. Mai<\/p>\n<p>Regatta \u2014 Flottenmeisterschaft S\u00fcdwest 12. und 13. September<\/p>\n<p>Regatta \u2014 Leuchtturm 19. und 20. September<\/p>\n<p>&nbsp;<\/p>\n<p><a href=\"https:\/\/sclh.de\/wp-content\/uploads\/2024\/08\/Flyer_Flotte_SuedWest_JPG1-1.jpg\"><img loading=\"lazy\" decoding=\"async\" class=\"aligncenter wp-image-70125\" src=\"https:\/\/sclh.de\/wp-content\/uploads\/2024\/08\/Flyer_Flotte_SuedWest_JPG1-1-208x300.jpg\" alt=\"\" width=\"487\" height=\"702\" srcset=\"https:\/\/sclh.de\/wp-content\/uploads\/2024\/08\/Flyer_Flotte_SuedWest_JPG1-1-208x300.jpg 208w, https:\/\/sclh.de\/wp-content\/uploads\/2024\/08\/Flyer_Flotte_SuedWest_JPG1-1-709x1024.jpg 709w, https:\/\/sclh.de\/wp-content\/uploads\/2024\/08\/Flyer_Flotte_SuedWest_JPG1-1.jpg 720w\" sizes=\"auto, (max-width: 487px) 100vw, 487px\" \/><\/a><\/p>\n","protected":false},"excerpt":{"rendered":"<p>&nbsp; Wir freuen uns, euch die bevorstehende Regatta im Jahr 2026 anzuk\u00fcndigen \u2013 ein ganz besonderes Seglerjahr f\u00fcr unsere Klassenvereinigung&hellip;<\/p>\n","protected":false},"author":19,"featured_media":70119,"parent":0,"menu_order":0,"comment_status":"closed","ping_status":"closed","template":"","meta":{"footnotes":""},"class_list":["post-70115","page","type-page","status-publish","has-post-thumbnail","hentry"],"_links":{"self":[{"href":"https:\/\/sclh.de\/index.php?rest_route=\/wp\/v2\/pages\/70115","targetHints":{"allow":["GET"]}}],"collection":[{"href":"https:\/\/sclh.de\/index.php?rest_route=\/wp\/v2\/pages"}],"about":[{"href":"https:\/\/sclh.de\/index.php?rest_route=\/wp\/v2\/types\/page"}],"author":[{"embeddable":true,"href":"https:\/\/sclh.de\/index.php?rest_route=\/wp\/v2\/users\/19"}],"replies":[{"embeddable":true,"href":"https:\/\/sclh.de\/index.php?rest_route=%2Fwp%2Fv2%2Fcomments&post=70115"}],"version-history":[{"count":8,"href":"https:\/\/sclh.de\/index.php?rest_route=\/wp\/v2\/pages\/70115\/revisions"}],"predecessor-version":[{"id":70443,"href":"https:\/\/sclh.de\/index.php?rest_route=\/wp\/v2\/pages\/70115\/revisions\/70443"}],"wp:featuredmedia":[{"embeddable":true,"href":"https:\/\/sclh.de\/index.php?rest_route=\/wp\/v2\/media\/70119"}],"wp:attachment":[{"href":"https:\/\/sclh.de\/index.php?rest_route=%2Fwp%2Fv2%2Fmedia&parent=70115"}],"curies":[{"name":"wp","href":"https:\/\/api.w.org\/{rel}","templated":true}]}}